{"id":12,"date":"2022-11-08T02:14:36","date_gmt":"2022-11-08T02:14:36","guid":{"rendered":"https:\/\/grabacionproduccionmusical.com.mx\/?page_id=12"},"modified":"2023-02-23T04:42:21","modified_gmt":"2023-02-23T04:42:21","slug":"inicio","status":"publish","type":"page","link":"https:\/\/grabacionproduccionmusical.com.mx\/","title":{"rendered":"Inicio"},"content":{"rendered":"\n<div class=\"wp-block-cover alignfull\" style=\"min-height:700px\"><span aria-hidden=\"true\" class=\"wp-block-cover__background has-background-dim-0 has-background-dim\"><\/span><img fetchpriority=\"high\" decoding=\"async\" width=\"2560\" height=\"1920\" class=\"wp-block-cover__image-background wp-image-111\" alt=\"\" src=\"https:\/\/grabacionproduccionmusical.com.mx\/wp-content\/uploads\/2023\/02\/IMG_20221107_134217-1-scaled.jpg\" data-object-fit=\"cover\" srcset=\"https:\/\/grabacionproduccionmusical.com.mx\/wp-content\/uploads\/2023\/02\/IMG_20221107_134217-1-scaled.jpg 2560w, https:\/\/grabacionproduccionmusical.com.mx\/wp-content\/uploads\/2023\/02\/IMG_20221107_134217-1-300x225.jpg 300w, https:\/\/grabacionproduccionmusical.com.mx\/wp-content\/uploads\/2023\/02\/IMG_20221107_134217-1-1024x768.jpg 1024w, https:\/\/grabacionproduccionmusical.com.mx\/wp-content\/uploads\/2023\/02\/IMG_20221107_134217-1-768x576.jpg 768w, https:\/\/grabacionproduccionmusical.com.mx\/wp-content\/uploads\/2023\/02\/IMG_20221107_134217-1-1536x1152.jpg 1536w, https:\/\/grabacionproduccionmusical.com.mx\/wp-content\/uploads\/2023\/02\/IMG_20221107_134217-1-2048x1536.jpg 2048w\" sizes=\"(max-width: 2560px) 100vw, 2560px\" \/><div class=\"wp-block-cover__inner-container is-layout-flow wp-block-cover-is-layout-flow\">\n<div style=\"height:80px\" aria-hidden=\"true\" class=\"wp-block-spacer\"><\/div>\n\n\n\n<h1 class=\"has-text-align-center has-nv-site-bg-color has-text-color wp-block-heading\">Convertimos tus ideas en canciones que dejen huella<\/h1>\n\n\n\n<p class=\"has-text-align-center has-nv-site-bg-color has-text-color\" style=\"font-size:17px\"><strong>Bienvenido al estudio de Rush Music. <br>Te invitamos a escuchar nuestro trabajo y conocer los servicios que tenemos para ti.<\/strong><\/p>\n\n\n\n<div class=\"wp-block-buttons is-content-justification-center is-layout-flex wp-container-core-buttons-layout-1 wp-block-buttons-is-layout-flex\">\n<div class=\"wp-block-button is-style-primary\"><a class=\"wp-block-button__link wp-element-button\" href=\"https:\/\/grabacionproduccionmusical.com.mx\/index.php\/porfolio\/\">CAT\u00c1LOGO<\/a><\/div>\n\n\n\n<div class=\"wp-block-button is-style-secondary\"><a class=\"wp-block-button__link has-nv-site-bg-color has-text-color wp-element-button\" href=\"https:\/\/grabacionproduccionmusical.com.mx\/index.php\/detalles-del-proyecto\/\" target=\"_blank\" rel=\"noreferrer noopener\">SERVICIOS<\/a><\/div>\n<\/div>\n\n\n\n<div style=\"height:80px\" aria-hidden=\"true\" class=\"wp-block-spacer\"><\/div>\n\n\n\n<div style=\"height:80px\" aria-hidden=\"true\" class=\"wp-block-spacer\"><\/div>\n\n\n\n<p><\/p>\n<\/div><\/div>\n\n\n\n<div style=\"height:80px\" aria-hidden=\"true\" class=\"wp-block-spacer\"><\/div>\n\n\n\n<div class=\"wp-block-columns is-layout-flex wp-container-core-columns-layout-1 wp-block-columns-is-layout-flex\">\n<div class=\"wp-block-column is-layout-flow wp-block-column-is-layout-flow\"><div class=\"wp-block-image icon-style is-style-default\">\n<figure class=\"aligncenter is-resized\"><img decoding=\"async\" src=\"https:\/\/grabacionproduccionmusical.com.mx\/wp-content\/themes\/neve\/assets\/img\/starter-content\/icon-03.svg\" alt=\"\" width=\"48\" height=\"48\"\/><\/figure><\/div>\n\n\n<h3 class=\"has-text-align-center has-neve-text-color-color has-text-color wp-block-heading\">Eficiencia<\/h3>\n\n\n\n<p class=\"has-text-align-center\">Producimos en tiempo y forma.<\/p>\n\n\n\n<div style=\"height:20px\" aria-hidden=\"true\" class=\"wp-block-spacer\"><\/div>\n<\/div>\n\n\n\n<div class=\"wp-block-column is-layout-flow wp-block-column-is-layout-flow\"><div class=\"wp-block-image icon-style is-style-default\">\n<figure class=\"aligncenter is-resized\"><img decoding=\"async\" src=\"https:\/\/grabacionproduccionmusical.com.mx\/wp-content\/themes\/neve\/assets\/img\/starter-content\/icon-02.svg\" alt=\"\" width=\"48\" height=\"48\"\/><\/figure><\/div>\n\n\n<h3 class=\"has-text-align-center has-neve-text-color-color has-text-color wp-block-heading\">Profesionalismo<\/h3>\n\n\n\n<p class=\"has-text-align-center\">Trabajamos con plugins premium y m\u00fasicos de sesi\u00f3n de ser requeridos.<\/p>\n\n\n\n<div style=\"height:20px\" aria-hidden=\"true\" class=\"wp-block-spacer\"><\/div>\n<\/div>\n\n\n\n<div class=\"wp-block-column is-layout-flow wp-block-column-is-layout-flow\"><div class=\"wp-block-image icon-style is-style-rounded\">\n<figure class=\"aligncenter is-resized\"><img loading=\"lazy\" decoding=\"async\" src=\"https:\/\/grabacionproduccionmusical.com.mx\/wp-content\/themes\/neve\/assets\/img\/starter-content\/icon-01.svg\" alt=\"\" width=\"48\" height=\"48\"\/><\/figure><\/div>\n\n\n<h3 class=\"has-text-align-center has-neve-text-color-color has-text-color wp-block-heading\">Resultados<\/h3>\n\n\n\n<p class=\"has-text-align-center\">Concretamos todos nuestros proyectos.<\/p>\n\n\n\n<div style=\"height:20px\" aria-hidden=\"true\" class=\"wp-block-spacer\"><\/div>\n<\/div>\n<\/div>\n\n\n\n<div style=\"height:80px\" aria-hidden=\"true\" class=\"wp-block-spacer\"><\/div>\n\n\n\n<div class=\"wp-block-cover alignfull\" style=\"min-height:600px\"><span aria-hidden=\"true\" class=\"wp-block-cover__background has-nv-light-bg-background-color has-background-dim-100 has-background-dim\"><\/span><div class=\"wp-block-cover__inner-container is-layout-flow wp-block-cover-is-layout-flow\">\n<div class=\"wp-block-group is-layout-flow wp-block-group-is-layout-flow\"><div class=\"wp-block-group__inner-container\">\n<div style=\"height:80px\" aria-hidden=\"true\" class=\"wp-block-spacer\"><\/div>\n\n\n\n<div class=\"wp-block-columns are-vertically-aligned-center is-layout-flex wp-container-core-columns-layout-2 wp-block-columns-is-layout-flex\">\n<div class=\"wp-block-column is-vertically-aligned-center is-layout-flow wp-block-column-is-layout-flow\" style=\"flex-basis:50%\">\n<figure class=\"wp-block-image size-large\"><img loading=\"lazy\" decoding=\"async\" width=\"768\" height=\"1024\" src=\"https:\/\/grabacionproduccionmusical.com.mx\/wp-content\/uploads\/2023\/02\/IMG-20230130-WA0052-768x1024.jpg\" alt=\"\" class=\"wp-image-75\" srcset=\"https:\/\/grabacionproduccionmusical.com.mx\/wp-content\/uploads\/2023\/02\/IMG-20230130-WA0052-768x1024.jpg 768w, https:\/\/grabacionproduccionmusical.com.mx\/wp-content\/uploads\/2023\/02\/IMG-20230130-WA0052-225x300.jpg 225w, https:\/\/grabacionproduccionmusical.com.mx\/wp-content\/uploads\/2023\/02\/IMG-20230130-WA0052-1152x1536.jpg 1152w, https:\/\/grabacionproduccionmusical.com.mx\/wp-content\/uploads\/2023\/02\/IMG-20230130-WA0052.jpg 1200w\" sizes=\"(max-width: 768px) 100vw, 768px\" \/><\/figure>\n<\/div>\n\n\n\n<div class=\"wp-block-column is-vertically-aligned-center is-layout-flow wp-block-column-is-layout-flow\" style=\"flex-basis:50%\">\n<div style=\"height:20px\" aria-hidden=\"true\" class=\"wp-block-spacer\"><\/div>\n\n\n\n<h2 class=\"has-text-align-left has-neve-text-color-color has-text-color wp-block-heading\">Producci\u00f3n Musical<\/h2>\n\n\n\n<p class=\"has-text-align-left has-neve-text-color-color has-text-color\" style=\"font-size:17px\">Creamos desde cero el multitrack instrumental para cada tema.<\/p>\n<\/div>\n<\/div>\n\n\n\n<div style=\"height:40px\" aria-hidden=\"true\" class=\"wp-block-spacer\"><\/div>\n<\/div><\/div>\n<\/div><\/div>\n\n\n\n<div class=\"wp-block-cover alignfull\" style=\"min-height:600px\"><span aria-hidden=\"true\" class=\"wp-block-cover__background has-nv-site-bg-background-color has-background-dim-100 has-background-dim\"><\/span><div class=\"wp-block-cover__inner-container is-layout-flow wp-block-cover-is-layout-flow\">\n<div class=\"wp-block-group is-layout-flow wp-block-group-is-layout-flow\"><div class=\"wp-block-group__inner-container\">\n<div style=\"height:80px\" aria-hidden=\"true\" class=\"wp-block-spacer\"><\/div>\n\n\n\n<div class=\"wp-block-columns are-vertically-aligned-center is-layout-flex wp-container-core-columns-layout-3 wp-block-columns-is-layout-flex\">\n<div class=\"wp-block-column is-vertically-aligned-center is-layout-flow wp-block-column-is-layout-flow\" style=\"flex-basis:50%\">\n<h2 class=\"has-text-align-left has-neve-text-color-color has-text-color wp-block-heading\">Direcci\u00f3n Vocal<\/h2>\n\n\n\n<p class=\"has-text-align-left has-neve-text-color-color has-text-color\" style=\"font-size:17px\">Dirigimos al grabar al artista para obtener la toma perfecta.<\/p>\n\n\n\n<div class=\"wp-block-buttons is-content-justification-left is-layout-flex wp-container-core-buttons-layout-2 wp-block-buttons-is-layout-flex\"><\/div>\n\n\n\n<div style=\"height:40px\" aria-hidden=\"true\" class=\"wp-block-spacer\"><\/div>\n<\/div>\n\n\n\n<div class=\"wp-block-column is-vertically-aligned-center is-layout-flow wp-block-column-is-layout-flow\" style=\"flex-basis:50%\">\n<figure class=\"wp-block-image size-large\"><img loading=\"lazy\" decoding=\"async\" width=\"768\" height=\"1024\" src=\"https:\/\/grabacionproduccionmusical.com.mx\/wp-content\/uploads\/2023\/02\/WhatsApp-Image-2022-05-21-at-4.21.59-PM-3-1-768x1024.jpeg\" alt=\"\" class=\"wp-image-76\" srcset=\"https:\/\/grabacionproduccionmusical.com.mx\/wp-content\/uploads\/2023\/02\/WhatsApp-Image-2022-05-21-at-4.21.59-PM-3-1-768x1024.jpeg 768w, https:\/\/grabacionproduccionmusical.com.mx\/wp-content\/uploads\/2023\/02\/WhatsApp-Image-2022-05-21-at-4.21.59-PM-3-1-225x300.jpeg 225w, https:\/\/grabacionproduccionmusical.com.mx\/wp-content\/uploads\/2023\/02\/WhatsApp-Image-2022-05-21-at-4.21.59-PM-3-1-1152x1536.jpeg 1152w, https:\/\/grabacionproduccionmusical.com.mx\/wp-content\/uploads\/2023\/02\/WhatsApp-Image-2022-05-21-at-4.21.59-PM-3-1.jpeg 1200w\" sizes=\"(max-width: 768px) 100vw, 768px\" \/><\/figure>\n<\/div>\n<\/div>\n\n\n\n<div style=\"height:40px\" aria-hidden=\"true\" class=\"wp-block-spacer\"><\/div>\n<\/div><\/div>\n<\/div><\/div>\n\n\n\n<div class=\"wp-block-cover alignfull\" style=\"min-height:600px\"><span aria-hidden=\"true\" class=\"wp-block-cover__background has-nv-dark-bg-background-color has-background-dim-100 has-background-dim\"><\/span><div class=\"wp-block-cover__inner-container is-layout-flow wp-block-cover-is-layout-flow\">\n<div class=\"wp-block-group is-layout-flow wp-block-group-is-layout-flow\"><div class=\"wp-block-group__inner-container\">\n<div style=\"height:80px\" aria-hidden=\"true\" class=\"wp-block-spacer\"><\/div>\n\n\n\n<div class=\"wp-block-columns are-vertically-aligned-center is-layout-flex wp-container-core-columns-layout-4 wp-block-columns-is-layout-flex\">\n<div class=\"wp-block-column is-vertically-aligned-center is-layout-flow wp-block-column-is-layout-flow\" style=\"flex-basis:50%\">\n<figure class=\"wp-block-image size-large\"><img loading=\"lazy\" decoding=\"async\" width=\"768\" height=\"1024\" src=\"https:\/\/grabacionproduccionmusical.com.mx\/wp-content\/uploads\/2023\/02\/WhatsApp-Image-2022-05-21-at-4.21.59-PM-2-768x1024.jpeg\" alt=\"\" class=\"wp-image-77\" srcset=\"https:\/\/grabacionproduccionmusical.com.mx\/wp-content\/uploads\/2023\/02\/WhatsApp-Image-2022-05-21-at-4.21.59-PM-2-768x1024.jpeg 768w, https:\/\/grabacionproduccionmusical.com.mx\/wp-content\/uploads\/2023\/02\/WhatsApp-Image-2022-05-21-at-4.21.59-PM-2-225x300.jpeg 225w, https:\/\/grabacionproduccionmusical.com.mx\/wp-content\/uploads\/2023\/02\/WhatsApp-Image-2022-05-21-at-4.21.59-PM-2-1152x1536.jpeg 1152w, https:\/\/grabacionproduccionmusical.com.mx\/wp-content\/uploads\/2023\/02\/WhatsApp-Image-2022-05-21-at-4.21.59-PM-2.jpeg 1200w\" sizes=\"(max-width: 768px) 100vw, 768px\" \/><\/figure>\n<\/div>\n\n\n\n<div class=\"wp-block-column is-vertically-aligned-center is-layout-flow wp-block-column-is-layout-flow\" style=\"flex-basis:50%\">\n<div style=\"height:40px\" aria-hidden=\"true\" class=\"wp-block-spacer\"><\/div>\n\n\n\n<h2 class=\"has-text-align-left has-nv-text-dark-bg-color has-text-color wp-block-heading\">Grabaci\u00f3n <\/h2>\n\n\n\n<p class=\"has-text-align-left has-nv-text-dark-bg-color has-text-color\" style=\"font-size:17px\">Manejamos sesiones fluidas de grabaci\u00f3n. Contamos con microfon\u00eda Warm Audio.<\/p>\n\n\n\n<div class=\"wp-block-buttons is-content-justification-left is-layout-flex wp-container-core-buttons-layout-3 wp-block-buttons-is-layout-flex\"><\/div>\n<\/div>\n<\/div>\n\n\n\n<div class=\"wp-block-columns are-vertically-aligned-center is-layout-flex wp-container-core-columns-layout-5 wp-block-columns-is-layout-flex\">\n<div class=\"wp-block-column is-vertically-aligned-center is-layout-flow wp-block-column-is-layout-flow\" style=\"flex-basis:50%\">\n<figure class=\"wp-block-image size-large\"><img loading=\"lazy\" decoding=\"async\" width=\"576\" height=\"1024\" src=\"https:\/\/grabacionproduccionmusical.com.mx\/wp-content\/uploads\/2023\/02\/WhatsApp-Image-2022-05-21-at-4.21.59-PM-1-576x1024.jpeg\" alt=\"\" class=\"wp-image-78\" srcset=\"https:\/\/grabacionproduccionmusical.com.mx\/wp-content\/uploads\/2023\/02\/WhatsApp-Image-2022-05-21-at-4.21.59-PM-1-576x1024.jpeg 576w, https:\/\/grabacionproduccionmusical.com.mx\/wp-content\/uploads\/2023\/02\/WhatsApp-Image-2022-05-21-at-4.21.59-PM-1-169x300.jpeg 169w, https:\/\/grabacionproduccionmusical.com.mx\/wp-content\/uploads\/2023\/02\/WhatsApp-Image-2022-05-21-at-4.21.59-PM-1-768x1366.jpeg 768w, https:\/\/grabacionproduccionmusical.com.mx\/wp-content\/uploads\/2023\/02\/WhatsApp-Image-2022-05-21-at-4.21.59-PM-1-864x1536.jpeg 864w, https:\/\/grabacionproduccionmusical.com.mx\/wp-content\/uploads\/2023\/02\/WhatsApp-Image-2022-05-21-at-4.21.59-PM-1.jpeg 899w\" sizes=\"(max-width: 576px) 100vw, 576px\" \/><\/figure>\n<\/div>\n\n\n\n<div class=\"wp-block-column is-vertically-aligned-center is-layout-flow wp-block-column-is-layout-flow\" style=\"flex-basis:50%\">\n<div style=\"height:40px\" aria-hidden=\"true\" class=\"wp-block-spacer\"><\/div>\n\n\n\n<h2 class=\"has-text-align-left has-nv-text-dark-bg-color has-text-color wp-block-heading\">Mezcla y Master <\/h2>\n\n\n\n<p class=\"has-text-align-left has-nv-text-dark-bg-color has-text-color\" style=\"font-size:17px\">Logramos que cualquier canci\u00f3n compita en el mercado al nivelar, limpiar y potenciar el sonido de nuestras producciones.<\/p>\n\n\n\n<div class=\"wp-block-buttons is-content-justification-left is-layout-flex wp-container-core-buttons-layout-4 wp-block-buttons-is-layout-flex\"><\/div>\n<\/div>\n<\/div>\n\n\n\n<div style=\"height:40px\" aria-hidden=\"true\" class=\"wp-block-spacer\"><\/div>\n<\/div><\/div>\n<\/div><\/div>\n\n\n\n<div style=\"height:40px\" aria-hidden=\"true\" class=\"wp-block-spacer\"><\/div>\n\n\n\n<div class=\"wp-block-cover alignfull\" style=\"min-height:420px\"><span aria-hidden=\"true\" class=\"wp-block-cover__background has-nv-light-bg-background-color has-background-dim-100 has-background-dim\"><\/span><div class=\"wp-block-cover__inner-container is-layout-flow wp-block-cover-is-layout-flow\">\n<div style=\"height:80px\" aria-hidden=\"true\" class=\"wp-block-spacer\"><\/div>\n\n\n\n<div class=\"wp-block-columns is-layout-flex wp-container-core-columns-layout-6 wp-block-columns-is-layout-flex\">\n<div class=\"wp-block-column is-layout-flow wp-block-column-is-layout-flow\">\n<figure class=\"wp-block-image size-thumbnail is-resized is-style-rounded\"><img loading=\"lazy\" decoding=\"async\" src=\"https:\/\/grabacionproduccionmusical.com.mx\/wp-content\/uploads\/2023\/02\/FB_IMG_1677119032726-150x150.jpg\" alt=\"\" class=\"wp-image-87\" width=\"86\" height=\"86\" srcset=\"https:\/\/grabacionproduccionmusical.com.mx\/wp-content\/uploads\/2023\/02\/FB_IMG_1677119032726-150x150.jpg 150w, https:\/\/grabacionproduccionmusical.com.mx\/wp-content\/uploads\/2023\/02\/FB_IMG_1677119032726-300x300.jpg 300w, https:\/\/grabacionproduccionmusical.com.mx\/wp-content\/uploads\/2023\/02\/FB_IMG_1677119032726-1024x1024.jpg 1024w, https:\/\/grabacionproduccionmusical.com.mx\/wp-content\/uploads\/2023\/02\/FB_IMG_1677119032726-768x768.jpg 768w, https:\/\/grabacionproduccionmusical.com.mx\/wp-content\/uploads\/2023\/02\/FB_IMG_1677119032726.jpg 1080w\" sizes=\"(max-width: 86px) 100vw, 86px\" \/><\/figure>\n\n\n\n<p class=\"has-text-align-left has-neve-text-color-color has-text-color has-normal-font-size\">\u201cWhat is the point of being alive if you don\u2019t at least try to do something remarkable?\u201d<\/p>\n\n\n\n<p class=\"has-neve-text-color-color has-text-color\">CECILIA RUIZ<\/p>\n\n\n\n<p class=\"has-nv-dark-bg-color has-text-color has-small-font-size\">ING. FOH\/ MONITORES<\/p>\n\n\n\n<div style=\"height:20px\" aria-hidden=\"true\" class=\"wp-block-spacer\"><\/div>\n<\/div>\n\n\n\n<div class=\"wp-block-column is-layout-flow wp-block-column-is-layout-flow\">\n<figure class=\"wp-block-image size-large is-resized is-style-rounded\"><img loading=\"lazy\" decoding=\"async\" src=\"https:\/\/grabacionproduccionmusical.com.mx\/wp-content\/uploads\/2023\/02\/FB_IMG_1677118929036-1024x1024.jpg\" alt=\"\" class=\"wp-image-89\" width=\"86\" height=\"86\" srcset=\"https:\/\/grabacionproduccionmusical.com.mx\/wp-content\/uploads\/2023\/02\/FB_IMG_1677118929036-1024x1024.jpg 1024w, https:\/\/grabacionproduccionmusical.com.mx\/wp-content\/uploads\/2023\/02\/FB_IMG_1677118929036-300x300.jpg 300w, https:\/\/grabacionproduccionmusical.com.mx\/wp-content\/uploads\/2023\/02\/FB_IMG_1677118929036-150x150.jpg 150w, https:\/\/grabacionproduccionmusical.com.mx\/wp-content\/uploads\/2023\/02\/FB_IMG_1677118929036-768x768.jpg 768w, https:\/\/grabacionproduccionmusical.com.mx\/wp-content\/uploads\/2023\/02\/FB_IMG_1677118929036.jpg 1080w\" sizes=\"(max-width: 86px) 100vw, 86px\" \/><\/figure>\n\n\n\n<p class=\"has-text-align-left has-neve-text-color-color has-text-color has-normal-font-size\">\u201cTony Pleasure es un excelente productor, bastante profesional en su trabajo e innovador\u201d.<\/p>\n\n\n\n<p class=\"has-neve-text-color-color has-text-color\">DJ LALO ESPINOSA<\/p>\n\n\n\n<p class=\"has-nv-dark-bg-color has-text-color has-small-font-size\">DJ \/ PRODUCER<\/p>\n\n\n\n<p><\/p>\n\n\n\n<div style=\"height:20px\" aria-hidden=\"true\" class=\"wp-block-spacer\"><\/div>\n<\/div>\n\n\n\n<div class=\"wp-block-column is-layout-flow wp-block-column-is-layout-flow\">\n<figure class=\"wp-block-image size-large is-resized is-style-rounded\"><img loading=\"lazy\" decoding=\"async\" src=\"https:\/\/grabacionproduccionmusical.com.mx\/wp-content\/uploads\/2023\/02\/FB_IMG_1677118874572-1024x1024.jpg\" alt=\"\" class=\"wp-image-90\" width=\"85\" height=\"85\" srcset=\"https:\/\/grabacionproduccionmusical.com.mx\/wp-content\/uploads\/2023\/02\/FB_IMG_1677118874572-1024x1024.jpg 1024w, https:\/\/grabacionproduccionmusical.com.mx\/wp-content\/uploads\/2023\/02\/FB_IMG_1677118874572-300x300.jpg 300w, https:\/\/grabacionproduccionmusical.com.mx\/wp-content\/uploads\/2023\/02\/FB_IMG_1677118874572-150x150.jpg 150w, https:\/\/grabacionproduccionmusical.com.mx\/wp-content\/uploads\/2023\/02\/FB_IMG_1677118874572-768x768.jpg 768w, https:\/\/grabacionproduccionmusical.com.mx\/wp-content\/uploads\/2023\/02\/FB_IMG_1677118874572.jpg 1080w\" sizes=\"(max-width: 85px) 100vw, 85px\" \/><\/figure>\n\n\n\n<p class=\"has-text-align-left has-neve-text-color-color has-text-color has-normal-font-size\">\u201cTony es un gran productor musical y el mejor coach vocal en las sesiones de grabaci\u00f3n. Ayuda a cada artista a llegar a su m\u00e1ximo nivel y marcarles un distintivo\u201d.<\/p>\n\n\n\n<p class=\"has-neve-text-color-color has-text-color\" style=\"font-size:18px\">VIGNOLA<\/p>\n\n\n\n<p class=\"has-nv-dark-bg-color has-text-color has-small-font-size\">ARTISTA<\/p>\n\n\n\n<p><\/p>\n\n\n\n<p><\/p>\n\n\n\n<div style=\"height:20px\" aria-hidden=\"true\" class=\"wp-block-spacer\"><\/div>\n<\/div>\n<\/div>\n\n\n\n<div style=\"height:30px\" aria-hidden=\"true\" class=\"wp-block-spacer\"><\/div>\n<\/div><\/div>\n\n\n\n<div class=\"wp-block-cover alignfull\" style=\"min-height:300px\"><span aria-hidden=\"true\" class=\"wp-block-cover__background has-nv-dark-bg-background-color has-background-dim-100 has-background-dim\"><\/span><div class=\"wp-block-cover__inner-container is-layout-flow wp-block-cover-is-layout-flow\">\n<div style=\"height:140px\" aria-hidden=\"true\" class=\"wp-block-spacer\"><\/div>\n\n\n\n<h2 class=\"has-text-align-center has-nv-text-dark-bg-color has-text-color wp-block-heading\">Trabajemos en tu pr\u00f3ximo sencillo<\/h2>\n\n\n\n<p class=\"has-text-align-center has-medium-font-size\">Cont\u00e1ctanos para comenzar a crear m\u00fasica ic\u00f3nica.<\/p>\n\n\n\n<div class=\"wp-block-buttons is-content-justification-center is-layout-flex wp-container-core-buttons-layout-5 wp-block-buttons-is-layout-flex\">\n<div class=\"wp-block-button is-style-primary\"><a class=\"wp-block-button__link wp-element-button\" href=\"https:\/\/wa.me\/522283652296?text=%C2%A1Hola!%20Quiero%20crear%20m%C3%BAsica%20que%20deje%20huella.%20;)%20%0A\">AGENDAR CITA<\/a><\/div>\n<\/div>\n\n\n\n<div style=\"height:140px\" aria-hidden=\"true\" class=\"wp-block-spacer\"><\/div>\n<\/div><\/div>\n","protected":false},"excerpt":{"rendered":"<p>Eficiencia Producimos en tiempo y forma. Profesionalismo Trabajamos con plugins premium y m\u00fasicos de sesi\u00f3n de ser requeridos. Resultados Concretamos todos nuestros proyectos.<\/p>\n","protected":false},"author":1,"featured_media":0,"parent":0,"menu_order":0,"comment_status":"closed","ping_status":"closed","template":"","meta":{"om_disable_all_campaigns":false,"_monsterinsights_skip_tracking":false,"_monsterinsights_sitenote_active":false,"_monsterinsights_sitenote_note":"","_monsterinsights_sitenote_category":0,"neve_meta_sidebar":"","neve_meta_container":"","neve_meta_enable_content_width":"on","neve_meta_content_width":100,"neve_meta_title_alignment":"","neve_meta_author_avatar":"","neve_post_elements_order":"","neve_meta_disable_header":"","neve_meta_disable_footer":"","neve_meta_disable_title":"on","footnotes":""},"aioseo_notices":[],"_links":{"self":[{"href":"https:\/\/grabacionproduccionmusical.com.mx\/index.php\/wp-json\/wp\/v2\/pages\/12"}],"collection":[{"href":"https:\/\/grabacionproduccionmusical.com.mx\/index.php\/wp-json\/wp\/v2\/pages"}],"about":[{"href":"https:\/\/grabacionproduccionmusical.com.mx\/index.php\/wp-json\/wp\/v2\/types\/page"}],"author":[{"embeddable":true,"href":"https:\/\/grabacionproduccionmusical.com.mx\/index.php\/wp-json\/wp\/v2\/users\/1"}],"replies":[{"embeddable":true,"href":"https:\/\/grabacionproduccionmusical.com.mx\/index.php\/wp-json\/wp\/v2\/comments?post=12"}],"version-history":[{"count":24,"href":"https:\/\/grabacionproduccionmusical.com.mx\/index.php\/wp-json\/wp\/v2\/pages\/12\/revisions"}],"predecessor-version":[{"id":115,"href":"https:\/\/grabacionproduccionmusical.com.mx\/index.php\/wp-json\/wp\/v2\/pages\/12\/revisions\/115"}],"wp:attachment":[{"href":"https:\/\/grabacionproduccionmusical.com.mx\/index.php\/wp-json\/wp\/v2\/media?parent=12"}],"curies":[{"name":"wp","href":"https:\/\/api.w.org\/{rel}","templated":true}]}}