{"id":16,"date":"2022-11-08T02:14:36","date_gmt":"2022-11-08T02:14:36","guid":{"rendered":"https:\/\/grabacionproduccionmusical.com.mx\/?page_id=16"},"modified":"2023-02-23T05:45:11","modified_gmt":"2023-02-23T05:45:11","slug":"detalles-del-proyecto","status":"publish","type":"page","link":"https:\/\/grabacionproduccionmusical.com.mx\/index.php\/detalles-del-proyecto\/","title":{"rendered":"SERVICIOS"},"content":{"rendered":"\n<div class=\"wp-block-cover alignfull\" style=\"min-height:320px\"><span aria-hidden=\"true\" class=\"wp-block-cover__background has-nv-site-bg-background-color has-background-dim-100 has-background-dim\"><\/span><div class=\"wp-block-cover__inner-container is-layout-flow wp-block-cover-is-layout-flow\">\n<div class=\"wp-block-group is-layout-flow wp-block-group-is-layout-flow\"><div class=\"wp-block-group__inner-container\">\n<div class=\"wp-block-columns are-vertically-aligned-center is-layout-flex wp-container-core-columns-layout-1 wp-block-columns-is-layout-flex\">\n<div class=\"wp-block-column is-vertically-aligned-center is-layout-flow wp-block-column-is-layout-flow\" style=\"flex-basis:70%\">\n<h1 class=\"has-text-align-left has-neve-text-color-color has-text-color wp-block-heading\">Asesor\u00eda en composici\u00f3n lirical<\/h1>\n\n\n\n<p class=\"has-neve-text-color-color has-text-color\" style=\"font-size:22px\">Aportamos a la letra de tu canci\u00f3n corrigiendo estilo, m\u00e9trica y coherencia. <br>Tambi\u00e9n nos podemos encargar al 100% de ello si no es tu fuerte.<\/p>\n\n\n\n<h1 class=\"has-text-align-left has-neve-text-color-color has-text-color wp-block-heading\">Producci\u00f3n musical<\/h1>\n\n\n\n<p class=\"has-neve-text-color-color has-text-color\" style=\"font-size:22px\">Creamos a partir de cero o con una pista de referencia. Tracks de alta calidad.<br>M\u00fasicos de sesi\u00f3n se cobran por separado.<\/p>\n\n\n\n<h1 class=\"has-text-align-left has-neve-text-color-color has-text-color wp-block-heading\">Grabaci\u00f3n<\/h1>\n\n\n\n<p class=\"has-neve-text-color-color has-text-color\" style=\"font-size:22px\">Contamos con microfon\u00eda Warm Audio.<\/p>\n\n\n\n<h1 class=\"has-text-align-left has-neve-text-color-color has-text-color wp-block-heading\">Direcci\u00f3n vocal<\/h1>\n\n\n\n<p class=\"has-neve-text-color-color has-text-color\" style=\"font-size:22px\">Instruimos al cantante generando un ambiente de confianza para que logre desenvolverse de la mejor manera posible frente al micr\u00f3fono. <br>Hacemos observaciones puntuales sobre algo por mejorar.<br>Te guiamos hacia la interpretaci\u00f3n que necesite tu canci\u00f3n.<\/p>\n\n\n\n<h1 class=\"has-text-align-left has-neve-text-color-color has-text-color wp-block-heading\">Afinaci\u00f3n y cuantizaci\u00f3n<\/h1>\n\n\n\n<p class=\"has-neve-text-color-color has-text-color\" style=\"font-size:22px\">Ajustamos el tono de cada toma, s\u00edlaba por s\u00edlaba, modificando formante, volumen y tiempo de forma exhaustiva.<\/p>\n\n\n\n<h1 class=\"has-text-align-left has-neve-text-color-color has-text-color wp-block-heading\">Mezcla<\/h1>\n\n\n\n<p class=\"has-neve-text-color-color has-text-color\" style=\"font-size:22px\">T\u00e9cnicas avanzadas de EQ y compresi\u00f3n.<br>M\u00faltiples FX creativos.<\/p>\n\n\n\n<h1 class=\"has-text-align-left has-neve-text-color-color has-text-color wp-block-heading\">Master<\/h1>\n\n\n\n<p class=\"has-neve-text-color-color has-text-color\" style=\"font-size:22px\">Alcanzamos el est\u00e1ndar comercial y agregamos un tono impecable para tu producto final.<\/p>\n\n\n\n<p><\/p>\n<\/div>\n\n\n\n<div class=\"wp-block-column is-vertically-aligned-center is-layout-flow wp-block-column-is-layout-flow\" style=\"flex-basis:30%\"><\/div>\n<\/div>\n<\/div><\/div>\n\n\n\n<ul>\n<li><\/li>\n<\/ul>\n<\/div><\/div>\n","protected":false},"excerpt":{"rendered":"","protected":false},"author":1,"featured_media":0,"parent":0,"menu_order":0,"comment_status":"closed","ping_status":"closed","template":"","meta":{"om_disable_all_campaigns":false,"_monsterinsights_skip_tracking":false,"_monsterinsights_sitenote_active":false,"_monsterinsights_sitenote_note":"","_monsterinsights_sitenote_category":0,"neve_meta_sidebar":"","neve_meta_container":"","neve_meta_enable_content_width":"on","neve_meta_content_width":100,"neve_meta_title_alignment":"","neve_meta_author_avatar":"","neve_post_elements_order":"","neve_meta_disable_header":"","neve_meta_disable_footer":"","neve_meta_disable_title":"on","footnotes":""},"aioseo_notices":[],"_links":{"self":[{"href":"https:\/\/grabacionproduccionmusical.com.mx\/index.php\/wp-json\/wp\/v2\/pages\/16"}],"collection":[{"href":"https:\/\/grabacionproduccionmusical.com.mx\/index.php\/wp-json\/wp\/v2\/pages"}],"about":[{"href":"https:\/\/grabacionproduccionmusical.com.mx\/index.php\/wp-json\/wp\/v2\/types\/page"}],"author":[{"embeddable":true,"href":"https:\/\/grabacionproduccionmusical.com.mx\/index.php\/wp-json\/wp\/v2\/users\/1"}],"replies":[{"embeddable":true,"href":"https:\/\/grabacionproduccionmusical.com.mx\/index.php\/wp-json\/wp\/v2\/comments?post=16"}],"version-history":[{"count":6,"href":"https:\/\/grabacionproduccionmusical.com.mx\/index.php\/wp-json\/wp\/v2\/pages\/16\/revisions"}],"predecessor-version":[{"id":137,"href":"https:\/\/grabacionproduccionmusical.com.mx\/index.php\/wp-json\/wp\/v2\/pages\/16\/revisions\/137"}],"wp:attachment":[{"href":"https:\/\/grabacionproduccionmusical.com.mx\/index.php\/wp-json\/wp\/v2\/media?parent=16"}],"curies":[{"name":"wp","href":"https:\/\/api.w.org\/{rel}","templated":true}]}}